{"id":11052,"date":"2023-02-01T20:16:18","date_gmt":"2023-02-01T20:16:18","guid":{"rendered":"https:\/\/paranda.ee\/?page_id=11052"},"modified":"2023-02-01T20:16:18","modified_gmt":"2023-02-01T20:16:18","slug":"privacy-policy-2","status":"publish","type":"page","link":"https:\/\/paranda.ee\/en\/privacy-policy-2\/","title":{"rendered":"Privacy Policy"},"content":{"rendered":"<h3><strong>Kuidas me isikuandmeid kasutame?<\/strong><\/h3>\n<div id=\"module-content\" class=\"module-\">\n<p>Meile oma isikuandmeid esitades n\u00f5ustute andmete meiepoolse kasutamisega meie kohustuste t\u00e4itmiseks Teie suhtes ja vastavate teenuste osutamiseks. Kasutades meie veebilehte, n\u00f5ustute Te siintoodud isikuandmete t\u00f6\u00f6tlemise p\u00f5him\u00f5tetega.<\/p>\n<p>Vajame andmeid j\u00e4rgmisteks otstarveteks:<\/p>\n<ol>\n<li>Liikme avalduste t\u00f6\u00f6tlemiseks meie veebiteenuste kaudu;<\/li>\n<li>Teiega infovahetuse pidamiseks: teavitusteteks ja t\u00e4psustusteks seoses Teie liikmelisusega v\u00f5i probleemide lahendamiseks teie broneeringuga seoses (nt telefoninumber, e-posti aadress)<\/li>\n<li>P\u00e4ringutele vastamiseks (e-posti aadress);<\/li>\n<li>Veebipoe tellimuste menetlemiseks (kontakteerumine e-posti v\u00f5i telefoni teel);<\/li>\n<li>Uudiskirjaga liitumiseks valikuliselt (e-posti aadress)<\/li>\n<\/ol>\n<\/div>\n<div id=\"module-content\" class=\"module-\">\n<p>S\u00e4ilitame andmeid ainult nii kaua, kui see on Teile teenuste osutamiseks vajalik v\u00f5i seadustega n\u00f5utud. Seej\u00e4rel Teie isikuandmed kustutatakse. Me ei saa Teie andmeid eemaldada, kui nende s\u00e4ilitamine on \u00f5igusaktidega, n\u00e4iteks raamatupidamiseeskirjadega n\u00f5utav v\u00f5i kui andmete s\u00e4ilitamiseks on muid seaduslikke p\u00f5hjusi, n\u00e4iteks lepingulise suhte j\u00e4tkumine. P\u00e4rast dokumendi v\u00f5i andmete s\u00e4ilitamise vajaduse m\u00f6\u00f6dumist dokumendid ja\/v\u00f5i andmed nende kohta h\u00e4vitatakse n\u00f5uetekohaselt. Samuti kustutatakse infos\u00fcsteemidest p\u00e4rast s\u00e4ilitust\u00e4htaja m\u00f6\u00f6dumist Teie isikuandmeid puudutavad andmed.<\/p>\n<h3><strong>Kellel on juurdep\u00e4\u00e4s andmetele?<\/strong><\/h3>\n<p>Me ei edasta, m\u00fc\u00fc ega vaheta isikuandmeid turunduslikel eesm\u00e4rkidel kunagi kolmandatele osapooltele. Andmeid edastatakse kolmandatele osapooltele ainult selleks, et meie saaks Teie ees oma kohustusi t\u00e4ita v\u00f5i n\u00f5uda vajadusel sisse v\u00f5lgnevusi.<\/p>\n<p>Oleme kohustatud edastama Teie isikuandmed vastavatele organitele ka tulenevalt \u00f5igusaktides s\u00e4testatust (nt kriminaalmenetlus, l\u00e4biotsimisorder, kohtukutse v\u00f5i kohtuotsus.).<\/p>\n<p><strong>MT\u00dc Paranduskelder<\/strong> on isikuandmete vastutav t\u00f6\u00f6tleja.<\/p>\n<\/div>\n","protected":false},"excerpt":{"rendered":"<p>Kuidas me isikuandmeid kasutame? Meile oma isikuandmeid esitades n\u00f5ustute andmete meiepoolse kasutamisega meie kohustuste t\u00e4itmiseks Teie suhtes ja vastavate teenuste osutamiseks. Kasutades meie veebilehte, n\u00f5ustute Te siintoodud isikuandmete t\u00f6\u00f6tlemise p\u00f5him\u00f5tetega. Vajame andmeid j\u00e4rgmisteks otstarveteks: Liikme avalduste t\u00f6\u00f6tlemiseks meie veebiteenuste kaudu; Teiega infovahetuse pidamiseks: teavitusteteks ja t\u00e4psustusteks seoses Teie liikmelisusega v\u00f5i probleemide lahendamiseks teie broneeringuga seoses [&hellip;]<\/p>\n","protected":false},"author":1,"featured_media":0,"parent":0,"menu_order":0,"comment_status":"closed","ping_status":"closed","template":"","meta":{"footnotes":""},"class_list":["post-11052","page","type-page","status-publish","hentry"],"acf":[],"_links":{"self":[{"href":"https:\/\/paranda.ee\/en\/wp-json\/wp\/v2\/pages\/11052","targetHints":{"allow":["GET"]}}],"collection":[{"href":"https:\/\/paranda.ee\/en\/wp-json\/wp\/v2\/pages"}],"about":[{"href":"https:\/\/paranda.ee\/en\/wp-json\/wp\/v2\/types\/page"}],"author":[{"embeddable":true,"href":"https:\/\/paranda.ee\/en\/wp-json\/wp\/v2\/users\/1"}],"replies":[{"embeddable":true,"href":"https:\/\/paranda.ee\/en\/wp-json\/wp\/v2\/comments?post=11052"}],"version-history":[{"count":1,"href":"https:\/\/paranda.ee\/en\/wp-json\/wp\/v2\/pages\/11052\/revisions"}],"predecessor-version":[{"id":11080,"href":"https:\/\/paranda.ee\/en\/wp-json\/wp\/v2\/pages\/11052\/revisions\/11080"}],"wp:attachment":[{"href":"https:\/\/paranda.ee\/en\/wp-json\/wp\/v2\/media?parent=11052"}],"curies":[{"name":"wp","href":"https:\/\/api.w.org\/{rel}","templated":true}]}}